{"id":119,"date":"2026-04-06T20:18:54","date_gmt":"2026-04-06T18:18:54","guid":{"rendered":"https:\/\/elektromolspari.pe.hu\/?page_id=119"},"modified":"2026-04-06T20:18:55","modified_gmt":"2026-04-06T18:18:55","slug":"tao-26-27","status":"publish","type":"page","link":"https:\/\/elektromolspari.pe.hu\/index.php\/tao-26-27\/","title":{"rendered":"TAO 26\/27"},"content":{"rendered":"\n<div data-wp-interactive=\"core\/file\" class=\"wp-block-file\"><object data-wp-bind--hidden=\"!state.hasPdfPreview\" hidden class=\"wp-block-file__embed\" data=\"https:\/\/elektromolspari.pe.hu\/wp-content\/uploads\/2026\/04\/Spari-FC_2026_Jovahagyo-Hatarozat.pdf\" type=\"application\/pdf\" style=\"width:100%;height:600px\" aria-label=\"Embed of Spari FC_2026_J\u00f3v\u00e1hagy\u00f3 Hat\u00e1rozat.\"><\/object><a id=\"wp-block-file--media-716c82ac-dab7-447b-bb2d-963d3e4514cc\" href=\"https:\/\/elektromolspari.pe.hu\/wp-content\/uploads\/2026\/04\/Spari-FC_2026_Jovahagyo-Hatarozat.pdf\">Spari FC_2026_J\u00f3v\u00e1hagy\u00f3 Hat\u00e1rozat<\/a><a href=\"https:\/\/elektromolspari.pe.hu\/wp-content\/uploads\/2026\/04\/Spari-FC_2026_Jovahagyo-Hatarozat.pdf\" class=\"wp-block-file__button wp-element-button\" download aria-describedby=\"wp-block-file--media-716c82ac-dab7-447b-bb2d-963d3e4514cc\">Download<\/a><\/div>\n\n\n\n<div data-wp-interactive=\"core\/file\" class=\"wp-block-file\"><object data-wp-bind--hidden=\"!state.hasPdfPreview\" hidden class=\"wp-block-file__embed\" data=\"https:\/\/elektromolspari.pe.hu\/wp-content\/uploads\/2026\/04\/Spari-FC_2026_Jovahagyott-Sportfejlesztesi-Program.pdf\" type=\"application\/pdf\" style=\"width:100%;height:600px\" aria-label=\"Embed of Spari FC_2026_J\u00f3v\u00e1hagyott Sportfejleszt\u00e9si Program.\"><\/object><a id=\"wp-block-file--media-aadba333-2bba-4027-a5df-de1258509ad7\" href=\"https:\/\/elektromolspari.pe.hu\/wp-content\/uploads\/2026\/04\/Spari-FC_2026_Jovahagyott-Sportfejlesztesi-Program.pdf\">Spari FC_2026_J\u00f3v\u00e1hagyott Sportfejleszt\u00e9si Program<\/a><a href=\"https:\/\/elektromolspari.pe.hu\/wp-content\/uploads\/2026\/04\/Spari-FC_2026_Jovahagyott-Sportfejlesztesi-Program.pdf\" class=\"wp-block-file__button wp-element-button\" download aria-describedby=\"wp-block-file--media-aadba333-2bba-4027-a5df-de1258509ad7\">Download<\/a><\/div>\n","protected":false},"excerpt":{"rendered":"","protected":false},"author":1,"featured_media":0,"parent":0,"menu_order":0,"comment_status":"closed","ping_status":"closed","template":"","meta":{"footnotes":""},"class_list":["post-119","page","type-page","status-publish","hentry"],"_links":{"self":[{"href":"https:\/\/elektromolspari.pe.hu\/index.php\/wp-json\/wp\/v2\/pages\/119","targetHints":{"allow":["GET"]}}],"collection":[{"href":"https:\/\/elektromolspari.pe.hu\/index.php\/wp-json\/wp\/v2\/pages"}],"about":[{"href":"https:\/\/elektromolspari.pe.hu\/index.php\/wp-json\/wp\/v2\/types\/page"}],"author":[{"embeddable":true,"href":"https:\/\/elektromolspari.pe.hu\/index.php\/wp-json\/wp\/v2\/users\/1"}],"replies":[{"embeddable":true,"href":"https:\/\/elektromolspari.pe.hu\/index.php\/wp-json\/wp\/v2\/comments?post=119"}],"version-history":[{"count":1,"href":"https:\/\/elektromolspari.pe.hu\/index.php\/wp-json\/wp\/v2\/pages\/119\/revisions"}],"predecessor-version":[{"id":122,"href":"https:\/\/elektromolspari.pe.hu\/index.php\/wp-json\/wp\/v2\/pages\/119\/revisions\/122"}],"wp:attachment":[{"href":"https:\/\/elektromolspari.pe.hu\/index.php\/wp-json\/wp\/v2\/media?parent=119"}],"curies":[{"name":"wp","href":"https:\/\/api.w.org\/{rel}","templated":true}]}}