{"id":114,"date":"2025-05-02T21:05:22","date_gmt":"2025-05-02T19:05:22","guid":{"rendered":"https:\/\/elektromolspari.pe.hu\/?page_id=114"},"modified":"2025-05-02T21:05:22","modified_gmt":"2025-05-02T19:05:22","slug":"tao-25-26","status":"publish","type":"page","link":"https:\/\/elektromolspari.pe.hu\/index.php\/tao-25-26\/","title":{"rendered":"TAO 25\/26"},"content":{"rendered":"\n<div data-wp-interactive=\"core\/file\" class=\"wp-block-file\"><object data-wp-bind--hidden=\"!state.hasPdfPreview\" hidden class=\"wp-block-file__embed\" data=\"https:\/\/elektromolspari.pe.hu\/wp-content\/uploads\/2025\/05\/Spari-FC_2025_Jovahagyo-Hatarozat.pdf\" type=\"application\/pdf\" style=\"width:100%;height:600px\" aria-label=\"Embed of Spari FC_2025_J\u00f3v\u00e1hagy\u00f3 Hat\u00e1rozat.\"><\/object><a id=\"wp-block-file--media-4609b6d1-71f6-45a0-afd9-1404aa394d69\" href=\"https:\/\/elektromolspari.pe.hu\/wp-content\/uploads\/2025\/05\/Spari-FC_2025_Jovahagyo-Hatarozat.pdf\">Spari FC_2025_J\u00f3v\u00e1hagy\u00f3 Hat\u00e1rozat<\/a><a href=\"https:\/\/elektromolspari.pe.hu\/wp-content\/uploads\/2025\/05\/Spari-FC_2025_Jovahagyo-Hatarozat.pdf\" class=\"wp-block-file__button wp-element-button\" download aria-describedby=\"wp-block-file--media-4609b6d1-71f6-45a0-afd9-1404aa394d69\">Download<\/a><\/div>\n\n\n\n<div data-wp-interactive=\"core\/file\" class=\"wp-block-file\"><object data-wp-bind--hidden=\"!state.hasPdfPreview\" hidden class=\"wp-block-file__embed\" data=\"https:\/\/elektromolspari.pe.hu\/wp-content\/uploads\/2025\/05\/Spari-FC_2025_Jovahagyott-Sportfejlesztesi-Program.pdf\" type=\"application\/pdf\" style=\"width:100%;height:600px\" aria-label=\"Embed of Spari FC_2025_J\u00f3v\u00e1hagyott Sportfejleszt\u00e9si Program.\"><\/object><a id=\"wp-block-file--media-6bbab3c9-6fb9-4a33-8de6-11e8088af81d\" href=\"https:\/\/elektromolspari.pe.hu\/wp-content\/uploads\/2025\/05\/Spari-FC_2025_Jovahagyott-Sportfejlesztesi-Program.pdf\">Spari FC_2025_J\u00f3v\u00e1hagyott Sportfejleszt\u00e9si Program<\/a><a href=\"https:\/\/elektromolspari.pe.hu\/wp-content\/uploads\/2025\/05\/Spari-FC_2025_Jovahagyott-Sportfejlesztesi-Program.pdf\" class=\"wp-block-file__button wp-element-button\" download aria-describedby=\"wp-block-file--media-6bbab3c9-6fb9-4a33-8de6-11e8088af81d\">Download<\/a><\/div>\n","protected":false},"excerpt":{"rendered":"","protected":false},"author":1,"featured_media":0,"parent":0,"menu_order":0,"comment_status":"closed","ping_status":"closed","template":"","meta":{"footnotes":""},"class_list":["post-114","page","type-page","status-publish","hentry"],"_links":{"self":[{"href":"https:\/\/elektromolspari.pe.hu\/index.php\/wp-json\/wp\/v2\/pages\/114","targetHints":{"allow":["GET"]}}],"collection":[{"href":"https:\/\/elektromolspari.pe.hu\/index.php\/wp-json\/wp\/v2\/pages"}],"about":[{"href":"https:\/\/elektromolspari.pe.hu\/index.php\/wp-json\/wp\/v2\/types\/page"}],"author":[{"embeddable":true,"href":"https:\/\/elektromolspari.pe.hu\/index.php\/wp-json\/wp\/v2\/users\/1"}],"replies":[{"embeddable":true,"href":"https:\/\/elektromolspari.pe.hu\/index.php\/wp-json\/wp\/v2\/comments?post=114"}],"version-history":[{"count":1,"href":"https:\/\/elektromolspari.pe.hu\/index.php\/wp-json\/wp\/v2\/pages\/114\/revisions"}],"predecessor-version":[{"id":117,"href":"https:\/\/elektromolspari.pe.hu\/index.php\/wp-json\/wp\/v2\/pages\/114\/revisions\/117"}],"wp:attachment":[{"href":"https:\/\/elektromolspari.pe.hu\/index.php\/wp-json\/wp\/v2\/media?parent=114"}],"curies":[{"name":"wp","href":"https:\/\/api.w.org\/{rel}","templated":true}]}}